{"id":9249,"date":"2024-07-26T14:53:05","date_gmt":"2024-07-26T14:53:05","guid":{"rendered":"https:\/\/view-peru.com\/?page_id=9249"},"modified":"2026-02-25T22:01:40","modified_gmt":"2026-02-25T22:01:40","slug":"condiciones-venta","status":"publish","type":"page","link":"https:\/\/view-peru.com\/es\/conditions-sale\/","title":{"rendered":"Condiciones de venta para Ver Per\u00fa y Firmas"},"content":{"rendered":"<blockquote class=\"wp-block-quote is-layout-flow wp-block-quote-is-layout-flow\">\n<p><em><em>Cada persona que forma parte de nuestro equipo es un viajero devoto, y tiene muchos conocimientos que compartir. Aqu\u00ed podr\u00e1 poner cara a su voz y saber un poco m\u00e1s sobre ellos.<\/em><\/em><\/p>\n<\/blockquote>\n\n\n\n<div class=\"wp-block-rank-math-toc-block\" id=\"rank-math-toc\"><h2>\u00cdndice<\/h2><nav><ul><li><a href=\"#1-the-contract-between-the-client-and-view-peru-signatures\">1. El contrato entre el Cliente y View Peru &amp; Signatures<\/a><\/li><li><a href=\"#2-payment\">2. Pago<\/a><ul><li><a href=\"#2-1-the-final-payment\">2.1. El pago final<\/a><\/li><li><a href=\"#2-2-local-land-payment\">2.2 Pago local (terreno)<\/a><\/li><\/ul><\/li><li><a href=\"#3-changes-by-the-client\">3. Cambios por parte del cliente<\/a><\/li><li><a href=\"#4-substitution-of-client\">4. Sustituci\u00f3n del cliente<\/a><\/li><li><a href=\"#5-cancellation-by-the-client\">5. Cancelaci\u00f3n por parte del Cliente<\/a><\/li><li><a href=\"#6-changes-and-cancellation-by-view-peru-signatures\">6. Cambios y cancelaciones por Ver Per\u00fa y firmas<\/a><\/li><li><a href=\"#7-surcharges\">7. Recargos<\/a><\/li><li><a href=\"#8-passport-visa-and-vaccinations\">8. Pasaporte, visado y vacunas<\/a><\/li><li><a href=\"#9-age-fitness-and-participation\">9. Edad, forma f\u00edsica y participaci\u00f3n<\/a><\/li><li><a href=\"#10-local-laws\">10. Leyes locales<\/a><\/li><li><a href=\"#11-illness-or-disability\">11. Enfermedad o discapacidad<\/a><\/li><li><a href=\"#12-the-client-has-a-complaint\">12. El cliente tiene una reclamaci\u00f3n<\/a><\/li><li><a href=\"#13-flight-bookings\">13. Reservas de vuelos<\/a><\/li><li><a href=\"#14-our-responsibility\">14. Nuestra responsabilidad<\/a><\/li><\/ul><\/nav><\/div>\n\n\n\n<h3 class=\"wp-block-heading\" id=\"1-the-contract-between-the-client-and-view-peru-signatures\">1. El contrato entre el Cliente y View Peru &amp; Signatures<\/h3>\n\n\n\n<p>Para asegurar una reserva con View Peru &amp; Signatures, el Cliente deber\u00e1 depositar el 45% del precio total del viaje (m\u00ednimo US$200). Todos los vuelos (dom\u00e9sticos e internacionales) deber\u00e1n ser pagados al 100% por adelantado para asegurar las plazas. Dep\u00f3sito del 50% en paquetes de Trekking, las reservas de Cruceros est\u00e1n sujetas a pol\u00edticas de dep\u00f3sito especiales dependiendo del barco. El dep\u00f3sito no es reembolsable. Los clientes que reserven por tel\u00e9fono, fax o correo electr\u00f3nico se considerar\u00e1n que han le\u00eddo las condiciones de reserva.hola<\/p>\n\n\n\n<p>Una reserva es aceptada y se convierte en definitiva a partir de la fecha en que View Peru &amp; Signatures ha recibido el dep\u00f3sito del Cliente. Es en este momento que un contrato vinculante entre View Peru &amp; Signatures y el Cliente comienza a existir.<\/p>\n\n\n\n<p>El contrato se celebra entre View Peru &amp; Signatures, y el Cliente, que incluye a todas las personas nombradas en el formulario de reserva. La persona que firma (presentar) El formulario de reserva garantiza que \u00e9l \/ ella tiene plena autoridad en nombre de todas las personas cuyos nombres aparecen en el mismo y confirma que todas estas personas son plenamente conscientes y aceptan estas condiciones.<\/p>\n\n\n\n<h3 class=\"wp-block-heading\" id=\"2-payment\">2. Pago<\/h3>\n\n\n\n<p>El saldo del importe adeudado debe pagarse a View Signature Travels a m\u00e1s tardar 45 d\u00edas antes de la salida (pueden aplicarse pol\u00edticas diferentes para las reservas de cruceros). En caso de no pago del saldo en la fecha de vencimiento, View Peru &amp; Signatures considerar\u00e1 la reserva como cancelada por el Cliente.<\/p>\n\n\n\n<p>En el caso de las reservas efectuadas dentro de los 30 d\u00edas anteriores a la fecha de salida, el importe total del viaje combinado deber\u00e1 abonarse de una sola vez.<\/p>\n\n\n\n<p>El pago puede efectuarse mediante tarjeta de cr\u00e9dito, Paypal, transferencia bancaria o ingreso directo. En caso de transferencia bancaria, todos los gastos de env\u00edo y transferencia correr\u00e1n a cargo del Cliente.<\/p>\n\n\n\n<p>Todos los precios son en d\u00f3lares estadounidenses.<\/p>\n\n\n\n<p>Nuestros precios no incluyen el impuesto peruano a las ventas. Los exonerados del pago de este impuesto deben cumplir con las normas legales. Para la exoneraci\u00f3n del IGV, el visitante (hu\u00e9sped) deber\u00e1 acreditar el cumplimiento de las normas de los tratados internacionales vigentes en el Per\u00fa, mediante la presentaci\u00f3n de su pasaporte, licencia de conducir o documento nacional de identidad. Tenga en cuenta que los visitantes que han permanecido en el Per\u00fa m\u00e1s de 60 d\u00edas naturales ya no est\u00e1n exentos del IGV (Impuesto General a las Ventas). Aseg\u00farese tambi\u00e9n de que sus documentos de identidad sean legibles y tenga en cuenta que la TAM (Tarjeta Andina de Migraciones) no puede sustituir al pasaporte.<\/p>\n\n\n\n<h4 class=\"wp-block-heading\" id=\"2-1-the-final-payment\">2.1. El pago final<\/h4>\n\n\n\n<ul class=\"wp-block-list\">\n<li>El pago final debe realizarse 45 d\u00edas antes de la fecha de salida. Si tiene un pago local programado, este debe recibirse en efectivo total en USD a su llegada el d\u00eda 1 de su excursi\u00f3n. Si este pago local no se realiza, View Peru &amp; Signatures cancelar\u00e1 su reserva y se aplicar\u00e1n cargos por cancelaci\u00f3n. (Ver Secci\u00f3n 5. Cancelaci\u00f3n por usted).<\/li>\n<\/ul>\n\n\n\n<h4 class=\"wp-block-heading\" id=\"2-2-local-land-payment\">2.2 Pago local (terreno)<\/h4>\n\n\n\n<ul class=\"wp-block-list\">\n<li>Algunos de nuestros viajes implican un pago local como pago final de su viaje. Este pago, en met\u00e1lico ($ USD), deber\u00e1 abonarse a nuestro representante el primer d\u00eda del viaje, a la llegada a su alojamiento. La informaci\u00f3n completa sobre el pago local figura junto con el precio en su presupuesto, en el sitio web y en todas nuestras facturas. Este pago local se considera parte del pago total del viaje y no es reembolsable.<\/li>\n<\/ul>\n\n\n\n<h3 class=\"wp-block-heading\" id=\"3-changes-by-the-client\">3. Cambios por parte del cliente<\/h3>\n\n\n\n<p>Cualquier cambio a la reserva original debe ser confirmado por la persona que firma el formulario de reserva. Para cualquier cambio por parte del Cliente al itinerario despu\u00e9s de recibir un Programa de Viaje confirmado de View Per\u00fa &amp; Firmas, se cobrar\u00e1 una tarifa de cambio US$10 m\u00e1s cualquier costo o cargo en que incurran o cobren nuestros proveedores como resultado de la modificaci\u00f3n. Si bien se har\u00e1n todos los esfuerzos razonables para acomodar los cambios y solicitudes adicionales, su disponibilidad no puede ser garantizada.<\/p>\n\n\n\n<h3 class=\"wp-block-heading\" id=\"4-substitution-of-client\">4. Sustituci\u00f3n del cliente<\/h3>\n\n\n\n<p>Si alg\u00fan miembro de su grupo no puede viajar, puede ser posible transferir la reserva a otra persona adecuada, siempre que se notifique por escrito al menos 30 d\u00edas antes de la salida. Se cobrar\u00e1 un cargo administrativo de US$50 m\u00e1s cualquier costo impuesto por los proveedores de View Peru &amp; Signatures.<\/p>\n\n\n\n<h3 class=\"wp-block-heading\" id=\"5-cancellation-by-the-client\">5. Cancelaci\u00f3n por parte del Cliente<\/h3>\n\n\n\n<p>El Cliente podr\u00e1 cancelar la reserva en cualquier momento siempre y cuando la cancelaci\u00f3n sea comunicada a View Per\u00fa &amp; Firmas por escrito. El dep\u00f3sito pagado para reservar el viaje no es reembolsable. Los pagos por vuelos, cruceros y reservas de Camino Inca no son reembolsables debido a las pol\u00edticas de las aerol\u00edneas y operadores. Todas las dem\u00e1s reservas canceladas menos de 45 d\u00edas antes de la fecha de salida del viaje est\u00e1n sujetas a los siguientes gastos de cancelaci\u00f3n:<\/p>\n\n\n\n<p>Per\u00edodo anterior a la salida en que se recibe la notificaci\u00f3n por escrito Gastos de anulaci\u00f3n como porcentaje del importe reembolsable<\/p>\n\n\n\n<ul class=\"wp-block-list\">\n<li>60 y m\u00e1s d\u00edas antes de la salida 50% del precio total (pago inicial + pago local)<\/li>\n\n\n\n<li>De 59 a 30 d\u00edas antes de la salida: 60% del precio total (pago inicial + pago local)<\/li>\n\n\n\n<li>De 29 d\u00edas a 14 d\u00edas antes de la salida: 90% del precio total (pago inicial + pago local)<\/li>\n\n\n\n<li>Menos de 14 d\u00edas: 100% del precio (pago inicial + pago local)<\/li>\n<\/ul>\n\n\n\n<p><strong>Se recomienda encarecidamente contratar un seguro de anulaci\u00f3n<\/strong>&nbsp;en el momento de efectuar la reserva, ya que cubrir\u00e1 los gastos de cancelaci\u00f3n en determinadas circunstancias. (Nota: dicho seguro no cubrir\u00e1 un cambio de opini\u00f3n).<\/p>\n\n\n\n<p>Para todo tipo de reembolsos, se descontar\u00e1n 5% del impuesto de procesamiento de tarjetas de cr\u00e9dito, incluidos los gastos administrativos de reembolso y las penalizaciones aplicadas por nuestros proveedores.<\/p>\n\n\n\n<p>En caso de que se cancele una parte de la reserva, es posible que la parte restante tenga que abonar cargos adicionales (por ejemplo, subocupaci\u00f3n o suplementos por habitaci\u00f3n individual). En caso de aplazamiento del viaje, se cobrar\u00e1 una tasa administrativa de 30% del precio del viaje m\u00e1s la cantidad ya gastada en servicios subcontratados no reembolsables. El importe restante podr\u00e1 ser utilizado en futuros viajes con View Per\u00fa &amp; Firmas.<\/p>\n\n\n\n<h3 class=\"wp-block-heading\" id=\"6-changes-and-cancellation-by-view-peru-signatures\">6. Cambios y cancelaciones por Ver Per\u00fa y firmas<\/h3>\n\n\n\n<p>Aunque View Peru &amp; Signatures har\u00e1 todo lo posible para operar todos los tours como se anuncia, al entrar en este contrato el Cliente acepta que puede resultar necesario o aconsejable variar o modificar un itinerario de viaje o su contenido debido a las condiciones locales imperantes. View Peru &amp; Signatures se reserva el derecho de cancelar o cambiar cualquiera de las instalaciones, servicios o precios (incluyendo vuelos, alojamiento u otros arreglos) en cualquier momento y sustituir los arreglos alternativos de valor monetario comparable sin compensaci\u00f3n y no acepta ninguna responsabilidad por la p\u00e9rdida de disfrute como resultado de estos cambios.<\/p>\n\n\n\n<p>Si un cambio importante es conocido por nosotros en el momento de la reserva, el Cliente ser\u00e1 informado inmediatamente. Si un cambio importante se hace necesario despu\u00e9s de la reserva, View Peru &amp; Signatures informar\u00e1 a los Clientes tan pronto como sea razonablemente posible.<\/p>\n\n\n\n<p>Cuando se realice un cambio importante, el Cliente tendr\u00e1 la opci\u00f3n de aceptar el cambio de planes, comprar cualquier otro viaje disponible o cancelar el viaje y obtener un reembolso completo excluyendo el impuesto de procesamiento de tarjeta de cr\u00e9dito 5% y las penalizaciones relacionadas. Todo ello siempre que el cambio importante no se deba a un caso de fuerza mayor.<\/p>\n\n\n\n<p>Fuerza mayor es la guerra, la amenaza de guerra, disturbios, conflictos civiles, epidemias, pandemias, conflictos laborales, actividades terroristas, desastres naturales o nucleares, incendios o condiciones clim\u00e1ticas adversas, problemas t\u00e9cnicos o de mantenimiento con el transporte, los cambios impuestos por la cancelaci\u00f3n o reprogramaci\u00f3n de vuelos por una compa\u00f1\u00eda a\u00e9rea, la alteraci\u00f3n de la aerol\u00ednea o el tipo de aeronave, u otros eventos similares fuera del control de View Peru &amp; Signatures.<\/p>\n\n\n\n<p>Para todo tipo de reembolsos, se descontar\u00e1n 5% del impuesto de procesamiento de tarjetas de cr\u00e9dito, incluidos los gastos administrativos de reembolso y las penalizaciones aplicadas por nuestros proveedores.<\/p>\n\n\n\n<p>View Peru &amp; Signatures no se hace responsable de ning\u00fan cargo en caso de cambio -fuera de su control- en la hora o fecha de salida de un tour, vuelo u otras formas de transporte.<\/p>\n\n\n\n<h3 class=\"wp-block-heading\" id=\"7-surcharges\">7. Recargos<\/h3>\n\n\n\n<p>En caso de aumento de precio, View Peru &amp; Signatures absorber\u00e1 el aumento de precio si \u00e9ste es inferior a 2% del precio total del paquete. Si el aumento es superior a 2%, se le cobrar\u00e1 al cliente la diferencia.<\/p>\n\n\n\n<h3 class=\"wp-block-heading\" id=\"8-passport-visa-and-vaccinations\">8. Pasaporte, visado y vacunas<\/h3>\n\n\n\n<p>Es responsabilidad del Cliente estar en posesi\u00f3n de un pasaporte v\u00e1lido, permisos de visado, vacunas y medicamentos preventivos que puedan ser requeridos por las autoridades de los pa\u00edses visitados durante la duraci\u00f3n del tour. La informaci\u00f3n sobre estos asuntos o temas relacionados es dada de buena fe pero sin responsabilidad por parte de View Per\u00fa &amp; Firmas.<\/p>\n\n\n\n<h3 class=\"wp-block-heading\" id=\"9-age-fitness-and-participation\">9. Edad, forma f\u00edsica y participaci\u00f3n<\/h3>\n\n\n\n<p>Se espera que todos los Clientes eval\u00faen si su forma f\u00edsica se ajusta a los requisitos del itinerario elegido antes de reservar. Se recomienda a los viajeros con condiciones m\u00e9dicas preexistentes consultar con un profesional de la salud antes de viajar en el itinerario elegido. No se aceptan menores no acompa\u00f1ados (menores de 18 a\u00f1os) en los tours operados por View Per\u00fa &amp; Signatures, sin embargo, los adolescentes mayores pueden ser considerados siempre y cuando est\u00e9n acompa\u00f1ados por un padre o tutor que acepte la plena responsabilidad del menor. View Peru &amp; Signatures se reserva el derecho absoluto de rechazar una reserva a su discreci\u00f3n. Los clientes se comprometen a aceptar la autoridad y las decisiones de los empleados de View Per\u00fa &amp; Signatures, l\u00edderes de tours y agentes, mientras est\u00e9n en el tour con View Per\u00fa &amp; Signatures. Si en la opini\u00f3n de dichas personas, la salud o la conducta de un cliente antes o despu\u00e9s de la salida parece probable que ponga en peligro el desarrollo seguro, c\u00f3modo o feliz de un viaje, el cliente puede ser excluido de la totalidad o parte de la gira. En el caso de mala salud, View Peru &amp; Signatures podr\u00e1 hacer los arreglos que considere necesarios y recuperar los costos de los mismos del Cliente.<\/p>\n\n\n\n<h3 class=\"wp-block-heading\" id=\"10-local-laws\">10. Leyes locales<\/h3>\n\n\n\n<p>Se espera que todos los participantes en los tours operados por View Per\u00fa &amp; Firmas obedezcan las leyes y reglamentos de los pa\u00edses visitados y cualquier incumplimiento de ello eximir\u00e1 a View Per\u00fa &amp; Firmas de todas las obligaciones que de otro modo pudieran tener en virtud de estas condiciones de reserva.<\/p>\n\n\n\n<h3 class=\"wp-block-heading\" id=\"11-illness-or-disability\">11. Enfermedad o discapacidad<\/h3>\n\n\n\n<p>Toda persona que padezca una enfermedad o discapacidad o que est\u00e9 recibiendo tratamiento por cualquier afecci\u00f3n f\u00edsica o m\u00e9dica deber\u00e1 declarar la verdadera naturaleza de dicha afecci\u00f3n en el momento de efectuar la reserva y tomar las medidas necesarias para el suministro de cualquier medicaci\u00f3n u otro tratamiento que pueda ser necesario durante el viaje. La omisi\u00f3n de dicha declaraci\u00f3n constituir\u00e1 un incumplimiento de las presentes condiciones de reserva y dar\u00e1 lugar a la exclusi\u00f3n de dichas personas del viaje, en cuyo caso se perder\u00e1 todo el dinero abonado.<\/p>\n\n\n\n<p>Si las vacaciones elegidas incluyen un crucero o excursi\u00f3n o traslado en barco de cualquier tipo, el Cliente debe hacer saber en el momento de la reserva si \u00e9l \/ ella no puede nadar. Esto no impedir\u00e1 que el Cliente participe en el tour pero permitir\u00e1 a View Peru &amp; Signatures tomar precauciones adicionales para la seguridad del Cliente en los momentos que sean apropiados.<\/p>\n\n\n\n<h3 class=\"wp-block-heading\" id=\"12-the-client-has-a-complaint\">12. El cliente tiene una reclamaci\u00f3n<\/h3>\n\n\n\n<p>Si el cliente tiene una queja sobre cualquiera de los arreglos del viaje, \u00e9l \/ ella debe ponerlo en conocimiento del l\u00edder del viaje u otros representantes de View Peru &amp; Signatures en el momento oportuno para que puedan hacer todo lo posible para rectificar la situaci\u00f3n. S\u00f3lo si View Peru &amp; Signatures est\u00e1 al tanto de cualquier problema tendr\u00e1 la oportunidad de corregir las cosas. Poner en conocimiento de View Per\u00fa &amp; Signatures su queja cuando surja un problema durante su viaje nos permitir\u00e1 remediar la situaci\u00f3n o facilitar una compensaci\u00f3n. Si el problema sigue sin resolverse, deber\u00e1 presentar una queja por escrito a View Peru &amp; Signatures dentro de los 28 d\u00edas siguientes a la finalizaci\u00f3n de las vacaciones.<\/p>\n\n\n\n<h3 class=\"wp-block-heading\" id=\"13-flight-bookings\">13. Reservas de vuelos<\/h3>\n\n\n\n<p>View Peru &amp; Signatures har\u00e1 todo lo posible para garantizar que todos los precios de los vuelos sean correctos en el momento en que se cotizan. Las compa\u00f1\u00edas a\u00e9reas se reservan el derecho de modificar o retirar las tarifas sin previo aviso. Una vez que se paga un dep\u00f3sito en una tarifa a\u00e9rea, se garantiza que la reserva se mantiene para usted, pero NO GARANTIZA la tarifa. La tarifa s\u00f3lo puede garantizarse cuando la reserva de vuelo se ha pagado en su totalidad y se ha emitido un billete. Las reservas de vuelos no pueden transferirse.<\/p>\n\n\n\n<p>Los horarios de vuelo indicados por View Peru &amp; Signatures son orientativos y est\u00e1n sujetos a cambios. Los horarios actualizados de los vuelos aparecer\u00e1n en los boletos. El Cliente debe revisar los boletos con mucho cuidado inmediatamente despu\u00e9s de la recepci\u00f3n de los \u00faltimos horarios. View Peru &amp; Signatures se esforzar\u00e1 por informar al Cliente lo antes posible en caso de cualquier alteraci\u00f3n en los vuelos. Los datos de las compa\u00f1\u00edas a\u00e9reas tambi\u00e9n est\u00e1n sujetos a cambios. Tales alteraciones no constituyen un cambio significativo a los arreglos del viaje y por lo tanto no tendr\u00e1 derecho a cancelar sin pagar los cargos normales como resultado.<\/p>\n\n\n\n<p>View Peru &amp; Signatures no se hace responsable de ning\u00fan retraso en su vuelo, ya sea causado por condiciones clim\u00e1ticas adversas, la acci\u00f3n de los controladores a\u00e9reos, las autoridades aeroportuarias o los gobiernos (locales), la reprogramaci\u00f3n de los horarios de vuelo por la compa\u00f1\u00eda a\u00e9rea, aver\u00eda mec\u00e1nica, huelga, acci\u00f3n industrial o cualquier otra raz\u00f3n.<\/p>\n\n\n\n<h3 class=\"wp-block-heading\" id=\"14-our-responsibility\">14. Nuestra responsabilidad<\/h3>\n\n\n\n<p>View Peru &amp; Signatures no puede garantizar la exactitud de ning\u00fan hotel, resort u otros folletos que no sean publicados por ellos pero que puedan ser suministrados como un servicio adicional al Cliente.<\/p>\n\n\n\n<p>View Peru &amp; Signatures acepta la responsabilidad de asegurar que las vacaciones que el Cliente reserve con ellos sean suministradas como se describe en la versi\u00f3n final del programa de viaje que el Cliente recibir\u00e1 a su llegada y de asegurar que los servicios alcancen un est\u00e1ndar razonable.<\/p>\n\n\n\n<p>View Peru &amp; Signatures act\u00faa \u00fanicamente en calidad de agente bajo las condiciones legales de que, si bien ejerce todas las precauciones posibles, no es responsable por lesiones, enfermedades, da\u00f1os, p\u00e9rdidas, gastos adicionales, demoras accidentales u otras irregularidades que puedan ser causadas ya sea por actos u omisiones dolosos o negligentes de las empresas o personas que proveen o se dedican al transporte, alojamiento u otros servicios relacionados con la realizaci\u00f3n del tour, o por desastres naturales, conmociones sociales u otras causas.<\/p>","protected":false},"excerpt":{"rendered":"<p>Each person part of our team is a devoted traveler, and has plenty of knowledge to share. Here you can put a face\u00a0to the voice, and learn a little more about them. 1. The contract between the Client and View Peru &amp; Signatures To secure a booking with View Peru &amp; Signatures, the Client must [&hellip;]<\/p>\n","protected":false},"author":1,"featured_media":0,"parent":0,"menu_order":0,"comment_status":"closed","ping_status":"closed","template":"","meta":{"footnotes":""},"class_list":["post-9249","page","type-page","status-publish","hentry"],"_links":{"self":[{"href":"https:\/\/view-peru.com\/es\/wp-json\/wp\/v2\/pages\/9249","targetHints":{"allow":["GET"]}}],"collection":[{"href":"https:\/\/view-peru.com\/es\/wp-json\/wp\/v2\/pages"}],"about":[{"href":"https:\/\/view-peru.com\/es\/wp-json\/wp\/v2\/types\/page"}],"author":[{"embeddable":true,"href":"https:\/\/view-peru.com\/es\/wp-json\/wp\/v2\/users\/1"}],"replies":[{"embeddable":true,"href":"https:\/\/view-peru.com\/es\/wp-json\/wp\/v2\/comments?post=9249"}],"version-history":[{"count":2,"href":"https:\/\/view-peru.com\/es\/wp-json\/wp\/v2\/pages\/9249\/revisions"}],"predecessor-version":[{"id":15499,"href":"https:\/\/view-peru.com\/es\/wp-json\/wp\/v2\/pages\/9249\/revisions\/15499"}],"wp:attachment":[{"href":"https:\/\/view-peru.com\/es\/wp-json\/wp\/v2\/media?parent=9249"}],"curies":[{"name":"wp","href":"https:\/\/api.w.org\/{rel}","templated":true}]}}