{"id":9240,"date":"2024-07-26T14:49:00","date_gmt":"2024-07-26T14:49:00","guid":{"rendered":"https:\/\/view-peru.com\/?page_id=9240"},"modified":"2026-03-10T19:10:58","modified_gmt":"2026-03-10T19:10:58","slug":"politica-de-privacidad","status":"publish","type":"page","link":"https:\/\/view-peru.com\/es\/privacy-policy\/","title":{"rendered":"Pol\u00edtica de privacidad"},"content":{"rendered":"<div style=\"height:20px\" aria-hidden=\"true\" class=\"wp-block-spacer\"><\/div>\n\n\n\n<div class=\"wp-block-rank-math-toc-block\" id=\"rank-math-toc\"><h2>\u00cdndice<\/h2><nav><ul><li><a href=\"#1-scope-of-policy\">1. \u00c1mbito de aplicaci\u00f3n<\/a><\/li><li><a href=\"#2-introduction\">2. Introducci\u00f3n<\/a><\/li><li><a href=\"#3-what-is-personal-information\">3. Qu\u00e9 es la informaci\u00f3n personal<\/a><\/li><li><a href=\"#4-how-do-we-process-personal-information\">4. \u00bfC\u00f3mo procesamos la informaci\u00f3n personal?<\/a><\/li><li><a href=\"#5-type-of-information-we-process\">5. Tipo de informaci\u00f3n que tratamos<\/a><\/li><li><a href=\"#6-what-do-we-do-with-your-information\">6. \u00bfQu\u00e9 hacemos con su informaci\u00f3n?<\/a><\/li><li><a href=\"#7-newsletter-subscribers\">7. Suscriptores del bolet\u00edn<\/a><\/li><li><a href=\"#8-third-party-policies\">8. Pol\u00edticas de terceros<\/a><\/li><li><a href=\"#9-opting-out\">9. Exclusi\u00f3n voluntaria<\/a><\/li><li><a href=\"#10-information-access\">10. Acceso a la informaci\u00f3n<\/a><\/li><li><a href=\"#11-data-security\">11. 11. Seguridad de los datos<\/a><\/li><li><a href=\"#12-limitation-of-liability\">12. 12. Limitaci\u00f3n de responsabilidad<\/a><\/li><li><a href=\"#13-place-when-personal-information-will-be-kept\">13. Lugar de conservaci\u00f3n de los datos personales<\/a><\/li><li><a href=\"#14-changes-to-this-policy\">14. Cambios en esta pol\u00edtica<\/a><\/li><li><a href=\"#15-governing-law\">15. Derecho aplicable<\/a><\/li><li><a href=\"#16-feedback\">16. Retroalimentaci\u00f3n<\/a><\/li><li><a href=\"#17-complaints\">17. Quejas<\/a><\/li><\/ul><\/nav><\/div>\n\n\n\n<h2 class=\"wp-block-heading\" id=\"1-scope-of-policy\"><strong>1. \u00c1mbito de aplicaci\u00f3n<\/strong><\/h2>\n\n\n\n<p>Esta pol\u00edtica de privacidad (\"Pol\u00edtica\") se refiere al tratamiento de toda la Informaci\u00f3n Personal (ver m\u00e1s abajo) recibida por Operador De Aventura Superior EIRL (Proprietary) Limited o sus filiales (\"View Per\u00fa &amp; Firmas\" \/ \"nosotros\" \/ \"nos\" \/ \"nuestro\"), independientemente de si dicha informaci\u00f3n se obtiene a trav\u00e9s de la comunicaci\u00f3n electr\u00f3nica o verbal, a trav\u00e9s de sitios web o como resultado de la contrataci\u00f3n con respecto a cualquiera de nuestros productos o servicios con View Per\u00fa &amp; Firmas en sus oficinas o instalaciones de alojamiento propias o gestionadas.<\/p>\n\n\n\n<p>Los Datos Personales que recabamos de usted ser\u00e1n procesados por View Per\u00fa &amp; Signatures Per\u00fa (Propietaria), una sociedad de responsabilidad limitada registrada y constituida en t\u00e9rminos de los Estatutos Sociales de la Rep\u00fablica del Per\u00fa con n\u00famero de registro 20601506069.<\/p>\n\n\n\n<h2 class=\"wp-block-heading\" id=\"2-introduction\"><strong>2. Introducci\u00f3n<\/strong><\/h2>\n\n\n\n<p>Dado que otorgamos gran importancia a la privacidad de cada persona (ya sea que viaje con nosotros o se relacione con nosotros a trav\u00e9s de otros medios), le recomendamos que lea esta Pol\u00edtica detenidamente para que comprenda claramente (i) el tipo de Informaci\u00f3n Personal que podemos procesar (ii) c\u00f3mo se puede recopilar y procesar su Informaci\u00f3n Personal cuando se relaciona con View Peru &amp; Signatures (iii) qui\u00e9n es responsable del procesamiento, la gesti\u00f3n y la salvaguarda de la Informaci\u00f3n Personal recopilada y\/o procesada; (iv) los motivos por los que podemos compartir la Informaci\u00f3n Personal con terceros; y (vi) c\u00f3mo puede acceder, modificar y\/o eliminar la Informaci\u00f3n Personal que hemos recopilado de usted.<\/p>\n\n\n\n<p>Al ponerse en contacto con View Peru &amp; Signatures por correo electr\u00f3nico, seguir utilizando nuestros sitios web (v\u00e9ase m\u00e1s abajo), hacer clic en el bot\u00f3n \"Acepto\" que aparece en nuestros sitios web, o acceder y utilizar nuestros servicios, usted reconoce que ha le\u00eddo esta Pol\u00edtica y consiente el tratamiento de sus Datos Personales conforme a lo dispuesto a continuaci\u00f3n.<\/p>\n\n\n\n<p>En caso de que no desee dar su consentimiento al tratamiento de sus Datos Personales, o no desee que sigamos tratando sus Datos Personales de acuerdo con esta Pol\u00edtica, le rogamos que nos lo indique envi\u00e1ndonos un correo electr\u00f3nico a privacy@139.99.172.210.<\/p>\n\n\n\n<h2 class=\"wp-block-heading\" id=\"3-what-is-personal-information\"><strong>3. Qu\u00e9 es la informaci\u00f3n personal<\/strong><\/h2>\n\n\n\n<p>La Informaci\u00f3n Personal incluye cualquier informaci\u00f3n que se refiera y permita identificarle como un ser humano vivo identificable y\/o, en su caso, como una persona jur\u00eddica identificable, que puede incluir (sin limitaci\u00f3n) su nombre, su direcci\u00f3n f\u00edsica y postal, su direcci\u00f3n de correo electr\u00f3nico, su raza, su sexo, su edad, su origen nacional, \u00e9tnico o social, informaci\u00f3n m\u00e9dica o financiera, su opini\u00f3n, su direcci\u00f3n de Internet (es decir, su direcci\u00f3n de Protocolo de Internet), su ubicaci\u00f3n o informaci\u00f3n personal especial como sus creencias religiosas o filos\u00f3ficas, sus convicciones pol\u00edticas y\/o su salud (\"Informaci\u00f3n Personal\" \/ \"Informaci\u00f3n\").es decir, su direcci\u00f3n de protocolo de Internet), su ubicaci\u00f3n o informaci\u00f3n personal especial como sus creencias religiosas o filos\u00f3ficas, sus convicciones pol\u00edticas y\/o su salud (\"Informaci\u00f3n personal\"\/\"Informaci\u00f3n\").<\/p>\n\n\n\n<h2 class=\"wp-block-heading\" id=\"4-how-do-we-process-personal-information\"><strong>4. \u00bfC\u00f3mo procesamos la informaci\u00f3n personal?<\/strong><\/h2>\n\n\n\n<p>La informaci\u00f3n personal puede recopilarse a trav\u00e9s de medios electr\u00f3nicos, lo que incluye, sin limitaci\u00f3n, el uso de nuestros sitios web (es decir, *.www.view-peru.com incluidos todos los dem\u00e1s sitios web y\/o p\u00e1ginas de destino), correo electr\u00f3nico, mensajes de texto, voz, sonido o imagen, o a trav\u00e9s de medios no electr\u00f3nicos, lo que incluye, sin limitaci\u00f3n, la captura de informaci\u00f3n personal en documentos impresos.<\/p>\n\n\n\n<p>Al utilizar nuestros sitios web, sus Datos Personales pueden recopilarse de forma activa, cuando usted o su agente designado nos facilitan determinados Datos Personales, o de forma inactiva, cuando recopilamos informaci\u00f3n que usted no nos ha facilitado de forma activa. A continuaci\u00f3n encontrar\u00e1 informaci\u00f3n m\u00e1s detallada.<\/p>\n\n\n\n<p><strong>a) Recogida activa de informaci\u00f3n:<\/strong><\/p>\n\n\n\n<p>La recopilaci\u00f3n activa de informaci\u00f3n se refiere a los casos en los que usted nos ha proporcionado directamente Informaci\u00f3n, como cuando env\u00eda una consulta sobre un producto o servicio espec\u00edfico, cuando se suscribe a nuestro bolet\u00edn de noticias o rellena un cuestionario y nos facilita sus datos personales, que pueden incluir (sin limitaci\u00f3n) nombre, apellidos, direcci\u00f3n de correo electr\u00f3nico, pa\u00eds de residencia, as\u00ed como sus fechas preferidas de viaje.<\/p>\n\n\n\n<p><strong>b) Recogida de informaci\u00f3n inactiva:<\/strong><\/p>\n\n\n\n<p>La recopilaci\u00f3n de informaci\u00f3n inactiva o pasiva se refiere a los casos en los que recopilamos cierta informaci\u00f3n que usted no ha proporcionado activamente (es decir, a sabiendas), informaci\u00f3n que podemos obtener mediante el uso de ciertas tecnolog\u00edas como cookies, balizas web, secuencias de comandos integradas o identificadores de dispositivos m\u00f3viles cuando visita nuestros sitios web. La informaci\u00f3n obtenida en este sentido no se puede vincular a usted como persona (es decir, informaci\u00f3n no identificable personalmente) que la informaci\u00f3n puede incluir el tipo de navegador web que utiliza, el sistema operativo que utiliza, la fecha y hora de su visita a nuestros sitios web, las p\u00e1ginas espec\u00edficas que puede haber visitado y la direcci\u00f3n del sitio web que ha visitado antes de entrar en nuestros sitios web. View Peru &amp; Signatures no vincula la informaci\u00f3n de identificaci\u00f3n no personal con la informaci\u00f3n de identificaci\u00f3n personal.<\/p>\n\n\n\n<h2 class=\"wp-block-heading\" id=\"5-type-of-information-we-process\"><strong>5. Tipo de informaci\u00f3n que tratamos<\/strong><\/h2>\n\n\n\n<p>Tratamos la siguiente informaci\u00f3n recopilada mediante presentaci\u00f3n electr\u00f3nica o formularios f\u00edsicos (seg\u00fan proceda):<\/p>\n\n\n\n<p>(i) Informaci\u00f3n activa:<\/p>\n\n\n\n<p>Su nombre y apellidos;<\/p>\n\n\n\n<p>Su sexo, grupo de edad y peso<\/p>\n\n\n\n<p>Direcci\u00f3n f\u00edsica;<\/p>\n\n\n\n<p>Su direcci\u00f3n de correo electr\u00f3nico;<\/p>\n\n\n\n<p>Su n\u00famero de tel\u00e9fono fijo y m\u00f3vil;<\/p>\n\n\n\n<p>Su n\u00famero de identidad y\/o pasaporte;<\/p>\n\n\n\n<p>Datos de su empresa<\/p>\n\n\n\n<p>Nacionalidad, fecha de expedici\u00f3n y fecha de caducidad de su pasaporte<\/p>\n\n\n\n<p>Su opini\u00f3n personal, puntos de vista, intereses y preferencias<\/p>\n\n\n\n<p>Sus datos de contacto en caso de emergencia<\/p>\n\n\n\n<p>Sus requisitos m\u00e9dicos, y<\/p>\n\n\n\n<p>Sus necesidades diet\u00e9ticas y especiales;<\/p>\n\n\n\n<p>(ii) Recogida de informaci\u00f3n inactiva:<\/p>\n\n\n\n<p>el tipo de navegador web que utiliza,<\/p>\n\n\n\n<p>el sistema operativo que utilices,<\/p>\n\n\n\n<p>la fecha y hora de su visita a nuestros sitios web,<\/p>\n\n\n\n<p>las p\u00e1ginas concretas que haya visitado y la direcci\u00f3n del sitio web<\/p>\n\n\n\n<p>No recibimos ni procesamos informaci\u00f3n de tarjetas de cr\u00e9dito y utilizamos portales Paygate reconocidos y respetados para recibir pagos con tarjeta de cr\u00e9dito de forma segura. No tenemos acceso a ninguna informaci\u00f3n de tarjetas de cr\u00e9dito.<\/p>\n\n\n\n<h2 class=\"wp-block-heading\" id=\"6-what-do-we-do-with-your-information\"><strong>6. \u00bfQu\u00e9 hacemos con su informaci\u00f3n?<\/strong><\/h2>\n\n\n\n<p>Los Datos Personales s\u00f3lo se utilizar\u00e1n de acuerdo con esta Pol\u00edtica o seg\u00fan se le comunique espec\u00edficamente y\/o se ponga en su conocimiento en el momento en que facilite los Datos Personales.<\/p>\n\n\n\n<p>La informaci\u00f3n personal ser\u00e1 procesada por nosotros (o por terceros aprobados por nosotros), de conformidad con y para los siguientes fines:<\/p>\n\n\n\n<p>verificar su identidad;<\/p>\n\n\n\n<p>transmitir y recibir correspondencia en relaci\u00f3n con nuestros servicios o productos, incluida la preparaci\u00f3n de itinerarios y la presentaci\u00f3n de presupuestos;<\/p>\n\n\n\n<p>la transmisi\u00f3n de material publicitario solicitado espec\u00edficamente por usted;<\/p>\n\n\n\n<p>procesamiento de pagos, reembolsos y similares;<\/p>\n\n\n\n<p>facilitar la prestaci\u00f3n de los servicios o productos;<\/p>\n\n\n\n<p>controlar y analizar su comportamiento en relaci\u00f3n con los sitios web y\/o los servicios con fines estad\u00edsticos y de investigaci\u00f3n;<\/p>\n\n\n\n<p>a efectos de cumplimiento y riesgo;<\/p>\n\n\n\n<p>confeccionar material promocional y de marketing a medida que consideremos que pueda ser relevante e interesante para usted;<\/p>\n\n\n\n<p>para personalizar y mejorar su experiencia en l\u00ednea y la de sus hu\u00e9spedes;<\/p>\n\n\n\n<p>permitirle acceder a su colecci\u00f3n personal de nuestros contenidos en nuestra funcionalidad \"Dream Board\" en view-peru.com<\/p>\n\n\n\n<p>reconocerle como cliente habitual y reconocer su fidelidad y preferencias en reservas anteriores, as\u00ed como atender cualquier consulta, correspondencia, duda o queja que haya planteado;<\/p>\n\n\n\n<p>realizar estudios de mercado y\/o acad\u00e9micos para identificar mercados y tendencias potenciales, desarrollar nuevos productos y servicios y mejorar la naturaleza de los productos y\/o servicios;<\/p>\n\n\n\n<p>Podemos compartir su informaci\u00f3n personal con nuestras filiales o terceros proveedores de servicios con el fin y s\u00f3lo en la medida necesaria para prestar apoyo y \/ o servicios auxiliares o productos para facilitar nuestro servicio o entrega de productos a usted, que los proveedores de servicios estar\u00e1n obligados a cumplir \/ adherirse a los mismos principios (seg\u00fan proceda) que figuran en esta pol\u00edtica en el tratamiento de su informaci\u00f3n personal.<\/p>\n\n\n\n<p>No venderemos, transferiremos, compartiremos ni permitiremos el acceso a sus Datos Personales a terceros, salvo en los casos descritos en la presente Pol\u00edtica.<\/p>\n\n\n\n<p>Tenga en cuenta que nos reservamos el derecho a transferir, o compartir de otro modo sin restricciones, informaci\u00f3n agregada, desidentificada y otra informaci\u00f3n no identificable personalmente, tal como se contempla en esta Pol\u00edtica.<\/p>\n\n\n\n<p>Adem\u00e1s, nos reservamos el derecho a utilizar o divulgar sus Datos Personales para cumplir con las leyes, reglamentos, procesos legales e investigaciones policiales aplicables, seg\u00fan lo exijan los litigios, para tomar precauciones contra la responsabilidad y proteger la seguridad e integridad de nuestros Sitios Web y la seguridad de sus usuarios.<\/p>\n\n\n\n<h2 class=\"wp-block-heading\" id=\"7-newsletter-subscribers\"><strong>7. Suscriptores del bolet\u00edn<\/strong><\/h2>\n\n\n\n<p>Si desea suscribirse a nuestro bolet\u00edn de noticias, de vez en cuando le enviaremos correos electr\u00f3nicos promocionales sobre ofertas especiales de View Peru &amp; Signatures u otra informaci\u00f3n utilizando la direcci\u00f3n de correo electr\u00f3nico que nos haya proporcionado.<\/p>\n\n\n\n<p>Aunque nos encanta mantenernos en contacto con nuestros hu\u00e9spedes para compartir victorias en conservaci\u00f3n, productos interesantes y servicios excepcionales, no nos ponemos en contacto con nuestros hu\u00e9spedes por correo electr\u00f3nico, servicio de mensajes cortos (sms) \/ texto o soluciones electr\u00f3nicas similares con fines de marketing a menos que nos hayan dado su consentimiento para hacerlo. Dicha comunicaci\u00f3n ser\u00e1 en todo momento limitada, pertinente y confiamos en que sea de inter\u00e9s para usted como nuestro hu\u00e9sped.<\/p>\n\n\n\n<p>Tenga en cuenta que puede darse de baja de esta lista en cualquier momento si as\u00ed lo desea seleccionando el bot\u00f3n \"darse de baja\" situado en la parte inferior del bolet\u00edn o envi\u00e1ndonos un correo electr\u00f3nico con su solicitud a info@139.99.172.210 o seleccionando el enlace para darse de baja situado en la parte inferior de todos los correos electr\u00f3nicos que reciba de nosotros.<\/p>\n\n\n\n<h2 class=\"wp-block-heading\" id=\"8-third-party-policies\"><strong>8. Pol\u00edticas de terceros<\/strong><\/h2>\n\n\n\n<p>En nuestro material de marketing o sitios web puede ver referencias o enlaces a sitios web que son propiedad y\/o est\u00e1n gestionados por terceros que no est\u00e1n relacionados con View Peru &amp; Signatures (\"Sitios web de terceros\"), cuyos Sitios web de terceros est\u00e1n espec\u00edficamente excluidos de esta Pol\u00edtica.<\/p>\n\n\n\n<p>Estos sitios web de terceros tienen pol\u00edticas de privacidad separadas e independientes aplicables a sus respectivos sitios web, servicios o productos y pueden seguir pr\u00e1cticas diferentes en el tratamiento y la protecci\u00f3n de sus datos personales.<\/p>\n\n\n\n<p>Le recomendamos encarecidamente que lea la pol\u00edtica de privacidad de cada sitio web de terceros al que acceda antes de facilitar sus datos personales, ya que no podemos aceptar ninguna responsabilidad en caso de que el sitio web de terceros procese sus datos personales de forma il\u00edcita.<\/p>\n\n\n\n<p>Por lo tanto, no garantizamos ni asumimos responsabilidad alguna por los servicios y\/o productos ofrecidos, promocionados y\/o anunciados en los sitios web de terceros y\/o por los servicios y\/o productos prestados por terceros a los que se haya accedido o utilizado a trav\u00e9s de nuestros sitios web y\/o sus servicios asociados.<\/p>\n\n\n\n<h2 class=\"wp-block-heading\" id=\"9-opting-out\"><strong>9. Exclusi\u00f3n voluntaria<\/strong><\/h2>\n\n\n\n<p>Tenga en cuenta que no deseamos recopilar y\/o procesar ninguna Informaci\u00f3n Personal suya que usted no desee que se recopile y\/o procese.<\/p>\n\n\n\n<p>Si en alg\u00fan momento decide que (a) no desea que sigamos tratando sus Datos Personales o (b) no desea recibir m\u00e1s informaci\u00f3n de nuestra parte sobre nuestros productos y servicios, puede, en el caso de (a), enviarnos un correo electr\u00f3nico a privacy@139.99.172.210 con su solicitud, una vez recibida su solicitud por escrito, intentaremos poner fin al tratamiento de sus datos personales en un plazo de 30 d\u00edas laborables o, en el caso (b) anterior, haciendo clic en el bot\u00f3n \"cancelar suscripci\u00f3n\" situado en la parte inferior de nuestros boletines, tras lo cual dejaremos de enviarle nuestros boletines. La tramitaci\u00f3n de su solicitud no tardar\u00e1 m\u00e1s de 10 d\u00edas laborables. Durante ese tiempo, podr\u00e1 seguir recibiendo correos electr\u00f3nicos de marketing.<\/p>\n\n\n\n<h2 class=\"wp-block-heading\" id=\"10-information-access\"><strong>10. Acceso a la informaci\u00f3n<\/strong><\/h2>\n\n\n\n<p>Se le proporcionar\u00e1 un acceso razonable a su Informaci\u00f3n Personal para corregir errores o eliminar cualquier informaci\u00f3n que pueda haber proporcionado. Si desea corregir o eliminar cualquiera de sus Datos Personales, p\u00f3ngase en contacto con nosotros por correo electr\u00f3nico en info@139.99.172.210.<\/p>\n\n\n\n<p>Para responder a su solicitud o consulta, podemos requerir informaci\u00f3n que nos permita verificar que usted es la persona autorizada para ver la Informaci\u00f3n Personal a la que solicita acceso seg\u00fan lo contemplado en esta Pol\u00edtica. Nos reservamos el derecho de, a nuestra discreci\u00f3n, negarnos a permitirle el acceso a cierta informaci\u00f3n que, en nuestra opini\u00f3n, si se le proporciona, comprometer\u00e1 la privacidad de otra persona o violar\u00e1 cualquier ley aplicable, ley extranjera, reglamento o directiva con respecto a la cual estamos obligados a observar y adherirnos en virtud del procesamiento de Informaci\u00f3n Personal.<\/p>\n\n\n\n<p>A reserva de las consideraciones legales y otras consideraciones permisibles, haremos todo lo posible por atender su solicitud en un plazo de 30 d\u00edas h\u00e1biles o le informaremos si necesitamos m\u00e1s informaci\u00f3n para atender la solicitud.<\/p>\n\n\n\n<h2 class=\"wp-block-heading\" id=\"11-data-security\"><strong>11. 11. Seguridad de los datos<\/strong><\/h2>\n\n\n\n<p>La transmisi\u00f3n de informaci\u00f3n a trav\u00e9s de Internet no es completamente segura y no podemos garantizar la seguridad de los datos transmitidos a nuestro sitio; cualquier transmisi\u00f3n de Informaci\u00f3n Personal ser\u00e1 exclusivamente por su cuenta y riesgo.<\/p>\n\n\n\n<p>Tomaremos las medidas razonablemente necesarias para garantizar que sus datos sean tratados de forma segura y de acuerdo con esta pol\u00edtica de privacidad. Aunque hemos adoptado medidas t\u00e9cnicas y organizativas razonables para garantizar la integridad y confidencialidad de los datos personales que obran en nuestro poder, con el fin de evitar la p\u00e9rdida, da\u00f1o o destrucci\u00f3n no autorizada de los datos personales y el acceso o tratamiento il\u00edcitos de los mismos, no garantizamos que nuestros sistemas de seguridad sean 100% seguros o est\u00e9n exentos de errores. Por lo tanto, no garantizamos la seguridad o exactitud de la informaci\u00f3n (ya sea Informaci\u00f3n Personal o no) que recopilamos de usted y procesamos de acuerdo con esta Pol\u00edtica.<\/p>\n\n\n\n<p>Restringimos el acceso a su Informaci\u00f3n Personal a nuestros empleados que tienen una raz\u00f3n operativa leg\u00edtima para tener acceso a dicha Informaci\u00f3n Personal. Nos esforzamos por mantener salvaguardias f\u00edsicas, electr\u00f3nicas y de procedimiento que, a nuestro leal saber y entender, cumplan con las leyes y reglamentos pertinentes para proteger su Informaci\u00f3n Personal de cualquier acceso no autorizado.<\/p>\n\n\n\n<h2 class=\"wp-block-heading\" id=\"12-limitation-of-liability\"><strong>12. 12. Limitaci\u00f3n de responsabilidad<\/strong><\/h2>\n\n\n\n<p>No seremos responsables y, al aceptar los t\u00e9rminos y condiciones a los que se refiere esta Pol\u00edtica, usted acepta indemnizarnos y eximirnos de toda responsabilidad por cualquier fallo de seguridad que pueda exponer potencialmente los Datos Personales que obran en nuestro poder a un acceso no autorizado o al tratamiento il\u00edcito de dichos Datos Personales por parte de terceros.<\/p>\n\n\n\n<h2 class=\"wp-block-heading\" id=\"13-place-when-personal-information-will-be-kept\"><strong>13. Lugar de conservaci\u00f3n de los datos personales<\/strong><\/h2>\n\n\n\n<p>Toda la Informaci\u00f3n Personal que nos proporcione ser\u00e1 almacenada en nuestros servidores seguros. Podemos almacenar datos en un destino fuera de Per\u00fa, en cuyo caso s\u00f3lo transferiremos su Informaci\u00f3n Personal a instalaciones o partes fuera de Per\u00fa si dicha transferencia cumple con las leyes y reglamentos de protecci\u00f3n de datos aplicables.<\/p>\n\n\n\n<p>S\u00f3lo transferiremos informaci\u00f3n personal a terceros si sus pol\u00edticas incluyen disposiciones sustancialmente similares a las contenidas en esta pol\u00edtica de privacidad.<\/p>\n\n\n\n<h2 class=\"wp-block-heading\" id=\"14-changes-to-this-policy\"><strong>14. Cambios en esta pol\u00edtica<\/strong><\/h2>\n\n\n\n<p>Tenga en cuenta que nos reservamos el derecho a modificar esta Pol\u00edtica en cualquier momento y a nuestra entera discreci\u00f3n. En caso de que se modifique, la nueva pol\u00edtica se publicar\u00e1 en nuestros sitios web.<\/p>\n\n\n\n<h2 class=\"wp-block-heading\" id=\"15-governing-law\"><strong>15. Derecho aplicable<\/strong><\/h2>\n\n\n\n<p>Las leyes de Per\u00fa regir\u00e1n cualquier disputa o reclamaci\u00f3n que surja de o est\u00e9 relacionada con la Informaci\u00f3n Personal enviada electr\u00f3nicamente a trav\u00e9s del uso de los Sitios Web.<\/p>\n\n\n\n<h2 class=\"wp-block-heading\" id=\"16-feedback\"><strong>16. Retroalimentaci\u00f3n<\/strong><\/h2>\n\n\n\n<p>Agradecemos cualquier comentario sobre esta Pol\u00edtica. Si tiene alguna pregunta sobre esta Pol\u00edtica o cualquier parte de nuestro servicio, puede ponerse en contacto con nosotros enviando un correo electr\u00f3nico a privacy@139.99.172.210, o escribi\u00e9ndonos a la direcci\u00f3n indicada en el apartado 1 de esta Pol\u00edtica.<\/p>\n\n\n\n<h2 class=\"wp-block-heading\" id=\"17-complaints\"><strong>17. Quejas<\/strong><\/h2>\n\n\n\n<p>Si cree que hemos utilizado sus Datos Personales de forma contraria a la legislaci\u00f3n aplicable, se compromete a intentar primero resolver sus dudas con nosotros. Si no est\u00e1 satisfecho con dicho proceso, tiene derecho a presentar una reclamaci\u00f3n ante el Regulador de la Informaci\u00f3n, una vez que entre en vigor la Ley de Protecci\u00f3n de Datos Personales de 2013.<\/p>","protected":false},"excerpt":{"rendered":"<p>1. Scope of policy This privacy policy (\u201cPolicy\u201d) relates to the processing of all Personal Information (see below) received by Operador De Aventura Superior EIRL (Proprietary) Limited or its subsidiaries (\u201cView Peru &amp; Signatures\u201d \/ \u201cwe\u201d \/ \u201cus\u201d \/ \u201cour\u201d), irrespective whether such information is obtained through electronic or verbal communication, via websites or as [&hellip;]<\/p>\n","protected":false},"author":1,"featured_media":0,"parent":0,"menu_order":0,"comment_status":"closed","ping_status":"closed","template":"","meta":{"footnotes":""},"class_list":["post-9240","page","type-page","status-publish","hentry"],"_links":{"self":[{"href":"https:\/\/view-peru.com\/es\/wp-json\/wp\/v2\/pages\/9240","targetHints":{"allow":["GET"]}}],"collection":[{"href":"https:\/\/view-peru.com\/es\/wp-json\/wp\/v2\/pages"}],"about":[{"href":"https:\/\/view-peru.com\/es\/wp-json\/wp\/v2\/types\/page"}],"author":[{"embeddable":true,"href":"https:\/\/view-peru.com\/es\/wp-json\/wp\/v2\/users\/1"}],"replies":[{"embeddable":true,"href":"https:\/\/view-peru.com\/es\/wp-json\/wp\/v2\/comments?post=9240"}],"version-history":[{"count":2,"href":"https:\/\/view-peru.com\/es\/wp-json\/wp\/v2\/pages\/9240\/revisions"}],"predecessor-version":[{"id":15526,"href":"https:\/\/view-peru.com\/es\/wp-json\/wp\/v2\/pages\/9240\/revisions\/15526"}],"wp:attachment":[{"href":"https:\/\/view-peru.com\/es\/wp-json\/wp\/v2\/media?parent=9240"}],"curies":[{"name":"wp","href":"https:\/\/api.w.org\/{rel}","templated":true}]}}