{"id":14515,"date":"2025-07-24T16:40:46","date_gmt":"2025-07-24T16:40:46","guid":{"rendered":"https:\/\/view-peru.com\/?page_id=14515"},"modified":"2025-08-28T15:15:34","modified_gmt":"2025-08-28T15:15:34","slug":"guia-de-viajes-in-land","status":"publish","type":"page","link":"https:\/\/view-peru.com\/es\/in-land-travel-guide\/","title":{"rendered":"GU\u00cdA DE VIAJES IN LAND"},"content":{"rendered":"<div style=\"height:100px\" aria-hidden=\"true\" class=\"wp-block-spacer\"><\/div>\n\n\n\n<p class=\"has-text-align-center\"><em>Ver Sudam\u00e9rica<\/em><\/p>\n\n\n\n<h3 class=\"wp-block-heading has-text-align-center has-large-font-size\" style=\"font-style:normal;font-weight:300\">Gu\u00eda de viaje In-Destination Per\u00fa<\/h3>\n\n\n\n<p class=\"has-text-align-center\"><strong>Bienvenido.<\/strong><br>Esta gu\u00eda, cuidadosamente elaborada por el equipo de View South America, est\u00e1 dise\u00f1ada para acompa\u00f1arle durante toda su estancia. En ella encontrar\u00e1 informaci\u00f3n esencial sobre el viaje, recomendaciones locales cuidadosamente seleccionadas y consejos pr\u00e1cticos que le ayudar\u00e1n a aprovechar al m\u00e1ximo su estancia en Lima y Cuzco. Esperamos que enriquezca su experiencia y le ayude a descubrir lo mejor de Per\u00fa.<\/p>\n\n\n\n<div style=\"height:60px\" aria-hidden=\"true\" class=\"wp-block-spacer\"><\/div>\n\n\n\n<h2 class=\"wp-block-heading has-text-align-center\" style=\"font-size:45px;font-style:normal;font-weight:300\">Informaci\u00f3n esencial para viajar<\/h2>\n\n\n\n<figure class=\"wp-block-table is-style-stripes\"><table class=\"has-fixed-layout\"><tbody><tr><td><strong>Tema<\/strong><\/td><td><strong>Detalles<\/strong><\/td><\/tr><tr><td>Huso horario<\/td><td>GMT -5 (sin horario de verano)<\/td><\/tr><tr><td>Moneda<\/td><td>Sol peruano (PEN). Lleve algo de dinero en efectivo para peque\u00f1as compras y propinas.<\/td><\/tr><tr><td>Propinas<\/td><td>Alrededor de 10% en restaurantes; opcional para gu\u00edas, conductores y personal del hotel.<\/td><\/tr><tr><td>Electricidad<\/td><td>220V - Enchufes tipo A y C&nbsp;<\/td><\/tr><tr><td>Idioma<\/td><td>Espa\u00f1ol (se habla ingl\u00e9s en las zonas tur\u00edsticas)<\/td><\/tr><tr><td>Emergencia<\/td><td>105 (Polic\u00eda), 116 (Bomberos), 911 (Emergencias generales)<\/td><\/tr><\/tbody><\/table><\/figure>\n\n\n\n<p><\/p>","protected":false},"excerpt":{"rendered":"<p>View South America In-Destination Per\u00fa Travel Guide Welcome!This guide, thoughtfully curated by the View South America team, is designed to accompany you throughout your stay. Inside, you\u2019ll find essential travel info, handpicked local recommendations, and practical tips to help you make the most of your time in Lima and Cusco. We hope it enriches your [&hellip;]<\/p>\n","protected":false},"author":1,"featured_media":0,"parent":0,"menu_order":0,"comment_status":"closed","ping_status":"closed","template":"","meta":{"footnotes":""},"class_list":["post-14515","page","type-page","status-publish","hentry"],"_links":{"self":[{"href":"https:\/\/view-peru.com\/es\/wp-json\/wp\/v2\/pages\/14515","targetHints":{"allow":["GET"]}}],"collection":[{"href":"https:\/\/view-peru.com\/es\/wp-json\/wp\/v2\/pages"}],"about":[{"href":"https:\/\/view-peru.com\/es\/wp-json\/wp\/v2\/types\/page"}],"author":[{"embeddable":true,"href":"https:\/\/view-peru.com\/es\/wp-json\/wp\/v2\/users\/1"}],"replies":[{"embeddable":true,"href":"https:\/\/view-peru.com\/es\/wp-json\/wp\/v2\/comments?post=14515"}],"version-history":[{"count":0,"href":"https:\/\/view-peru.com\/es\/wp-json\/wp\/v2\/pages\/14515\/revisions"}],"wp:attachment":[{"href":"https:\/\/view-peru.com\/es\/wp-json\/wp\/v2\/media?parent=14515"}],"curies":[{"name":"wp","href":"https:\/\/api.w.org\/{rel}","templated":true}]}}