{"id":13428,"date":"2024-08-19T17:41:39","date_gmt":"2024-08-19T17:41:39","guid":{"rendered":"https:\/\/view-peru.com\/?page_id=13428"},"modified":"2024-08-19T17:45:48","modified_gmt":"2024-08-19T17:45:48","slug":"empresa-de-viajes-de-lujo","status":"publish","type":"page","link":"https:\/\/view-peru.com\/es\/luxury-travel-company\/","title":{"rendered":"Empresa de viajes de lujo"},"content":{"rendered":"<div class=\"wp-block-media-text has-media-on-the-right is-stacked-on-mobile\"><div class=\"wp-block-media-text__content\">\n<h2 class=\"wp-block-heading\">Especialistas en senderismo de alto nivel<\/h2>\n\n\n\n<p><br>View Per\u00fa &amp; Firmas es su gran alternativa para programas de aventura de diversas categor\u00edas y con todos los niveles de seguridad, extremo confort, deliciosas comidas gourmet y detalles exclusivos todos los d\u00edas. Y si usted no tiene su propia operaci\u00f3n, estamos aqu\u00ed para ofrecerle los servicios tradicionales, siempre con altos est\u00e1ndares.<\/p>\n\n\n\n<p><\/p>\n<\/div><figure class=\"wp-block-media-text__media\"><img loading=\"lazy\" decoding=\"async\" width=\"600\" height=\"900\" src=\"https:\/\/view-peru.com\/wp-content\/uploads\/2024\/07\/incatrailv01.webp\" alt=\"\" class=\"wp-image-8897 size-full\" title=\"\" srcset=\"https:\/\/view-peru.com\/wp-content\/uploads\/2024\/07\/incatrailv01.webp 600w, https:\/\/view-peru.com\/wp-content\/uploads\/2024\/07\/incatrailv01-200x300.webp 200w\" sizes=\"auto, (max-width: 600px) 100vw, 600px\" \/><\/figure><\/div>\n\n\n\n<div class=\"wp-block-media-text is-stacked-on-mobile\"><figure class=\"wp-block-media-text__media\"><img loading=\"lazy\" decoding=\"async\" width=\"900\" height=\"900\" src=\"https:\/\/view-peru.com\/wp-content\/uploads\/2024\/06\/Luxuy-adventure-inca-trail-tours-in-peru.webp\" alt=\"\" class=\"wp-image-7231 size-full\" title=\"\" srcset=\"https:\/\/view-peru.com\/wp-content\/uploads\/2024\/06\/Luxuy-adventure-inca-trail-tours-in-peru.webp 900w, https:\/\/view-peru.com\/wp-content\/uploads\/2024\/06\/Luxuy-adventure-inca-trail-tours-in-peru-300x300.webp 300w, https:\/\/view-peru.com\/wp-content\/uploads\/2024\/06\/Luxuy-adventure-inca-trail-tours-in-peru-150x150.webp 150w, https:\/\/view-peru.com\/wp-content\/uploads\/2024\/06\/Luxuy-adventure-inca-trail-tours-in-peru-768x768.webp 768w, https:\/\/view-peru.com\/wp-content\/uploads\/2024\/06\/Luxuy-adventure-inca-trail-tours-in-peru-600x600.webp 600w\" sizes=\"auto, (max-width: 900px) 100vw, 900px\" \/><\/figure><div class=\"wp-block-media-text__content\">\n<h2 class=\"wp-block-heading\">B2B Con Vistas Per\u00fa<\/h2>\n\n\n\n<p><br>Si desea impresionar a sus pasajeros de alto nivel, View Per\u00fa &amp; Firmas le ofrece programas de aventura a nivel Glamping, que incluye todos los servicios de lujo que desee que sus pasajeros experimenten, as\u00ed como servicios detallados con programas completos de d\u00eda y de noche.<br>Incluso si usted no tiene su propia operaci\u00f3n en Cusco, le ofrecemos la operaci\u00f3n de los servicios tradicionales con un alto nivel de gu\u00edas y transporte.<\/p>\n\n\n\n<p><\/p>\n<\/div><\/div>\n\n\n\n<div style=\"height:100px\" aria-hidden=\"true\" class=\"wp-block-spacer\"><\/div>\n\n\n\n<div class=\"wp-block-columns is-layout-flex wp-container-core-columns-is-layout-9d6595d7 wp-block-columns-is-layout-flex\">\n<div class=\"wp-block-column is-layout-flow wp-block-column-is-layout-flow\">\n<p><strong>Flexibilidad<br><\/strong>Flexibilizamos nuestras pol\u00edticas en funci\u00f3n de cada caso.<\/p>\n<\/div>\n\n\n\n<div class=\"wp-block-column is-layout-flow wp-block-column-is-layout-flow\">\n<p><strong>Experiencia<br><\/strong>Fundada en 2012, operando Trekking desde 2016.<\/p>\n<\/div>\n\n\n\n<div class=\"wp-block-column is-layout-flow wp-block-column-is-layout-flow\">\n<p><strong>Personalizable<br><\/strong>Atendemos cada expediente con dedicaci\u00f3n, con el objetivo de lograr una operaci\u00f3n personalizada y a medida.<\/p>\n<\/div>\n<\/div>","protected":false},"excerpt":{"rendered":"<p>High End Trekking Specialists View Peru &amp; Signatures is your great alternative for adventure programs with several categories and with all levels of security, extreme comfort, delicious gourmet meals and exclusive details every day. And if you don&#8217;t have your own operation, we are here to offer you the traditional services, always with high standards. [&hellip;]<\/p>\n","protected":false},"author":1,"featured_media":0,"parent":0,"menu_order":0,"comment_status":"closed","ping_status":"closed","template":"","meta":{"footnotes":""},"class_list":["post-13428","page","type-page","status-publish","hentry"],"_links":{"self":[{"href":"https:\/\/view-peru.com\/es\/wp-json\/wp\/v2\/pages\/13428","targetHints":{"allow":["GET"]}}],"collection":[{"href":"https:\/\/view-peru.com\/es\/wp-json\/wp\/v2\/pages"}],"about":[{"href":"https:\/\/view-peru.com\/es\/wp-json\/wp\/v2\/types\/page"}],"author":[{"embeddable":true,"href":"https:\/\/view-peru.com\/es\/wp-json\/wp\/v2\/users\/1"}],"replies":[{"embeddable":true,"href":"https:\/\/view-peru.com\/es\/wp-json\/wp\/v2\/comments?post=13428"}],"version-history":[{"count":0,"href":"https:\/\/view-peru.com\/es\/wp-json\/wp\/v2\/pages\/13428\/revisions"}],"wp:attachment":[{"href":"https:\/\/view-peru.com\/es\/wp-json\/wp\/v2\/media?parent=13428"}],"curies":[{"name":"wp","href":"https:\/\/api.w.org\/{rel}","templated":true}]}}