{"id":13385,"date":"2024-08-17T15:15:24","date_gmt":"2024-08-17T15:15:24","guid":{"rendered":"https:\/\/view-peru.com\/?page_id=13385"},"modified":"2024-08-17T15:15:26","modified_gmt":"2024-08-17T15:15:26","slug":"preparacion-del-viaje","status":"publish","type":"page","link":"https:\/\/view-peru.com\/es\/preparing-for-your-journey\/","title":{"rendered":"PREPARACI\u00d3N DEL VIAJE"},"content":{"rendered":"<h2 class=\"wp-block-heading\">ASEG\u00daRESE DE QUE SUS DOCUMENTOS DE VIAJE EST\u00c1N LISTOS<\/h2>\n\n\n\n<p>Su pasaporte debe tener una validez de al menos seis (6) meses despu\u00e9s de la conclusi\u00f3n de su viaje. Aseg\u00farese de que dispone de suficientes p\u00e1ginas en blanco para los sellos de entrada y salida de cada pa\u00eds que vaya a visitar. Si necesita ayuda para obtener un nuevo pasaporte estadounidense o renovar su pasaporte, puede ponerse en contacto con nuestro socio VisaCentral en visacentral.com\/abercrombiekent.<\/p>\n\n\n\n<h2 class=\"wp-block-heading\">TRAMITAR LOS VISADOS NECESARIOS<\/h2>\n\n\n\n<p>Algunos destinos pueden exigir a los titulares de pasaportes estadounidenses o de otros pa\u00edses la obtenci\u00f3n de un visado de turista. Consulte la Informaci\u00f3n esencial para conocer los requisitos de visado espec\u00edficos de su viaje.<\/p>\n\n\n\n<h2 class=\"wp-block-heading\">COVID-19 REQUISITOS DE VIAJE<\/h2>\n\n\n\n<p>Para participar en los Viajes en Grupo Reducido VP y en los Cruceros de Lujo con Expedici\u00f3n que salgan antes del 1 de junio de 2023, as\u00ed como en todos los Viajes en Avi\u00f3n Privado 2023, es obligatorio presentar una prueba completa de vacunaci\u00f3n contra la COVID-19. Es esencial que todos los viajeros cumplan las normas de entrada en el pa\u00eds y de los proveedores de servicios, incluida la presentaci\u00f3n de la prueba de vacunaci\u00f3n contra la COVID-19. Consulte su Informaci\u00f3n Esencial para m\u00e1s detalles.<\/p>\n\n\n\n<p>VP facilitar\u00e1 cualquier prueba de COVID-19 necesaria durante su viaje o en sus desplazamientos posteriores. Nuestras preguntas frecuentes proporcionan informaci\u00f3n sobre los protocolos en caso de que d\u00e9 positivo en las pruebas de COVID-19 durante su viaje. Tenga en cuenta que para los residentes en EE.UU. o Canad\u00e1 que regresan a su pa\u00eds, actualmente no hay requisitos de pruebas de COVID-19 para la entrada. Para otros destinos, consulte los requisitos de entrada espec\u00edficos de COVID-19.<\/p>\n\n\n\n<p>Mant\u00e9ngase al d\u00eda consultando el Departamento de Estado de EE.UU. en&nbsp;<a href=\"http:\/\/travel.state.gov\/\" target=\"_blank\" rel=\"noreferrer noopener\">viajes.state.gov<\/a>&nbsp;o al Gobierno de Canad\u00e1 en&nbsp;<a href=\"http:\/\/travel.gc.ca\/travelling\/advisories\" target=\"_blank\" rel=\"noreferrer noopener\">travel.gc.ca\/viajar\/consejos<\/a>&nbsp;a medida que se acerca la fecha de salida.<\/p>\n\n\n\n<h2 class=\"wp-block-heading\">INSCRIBIRSE EN EMBAJADAS O CONSULADOS<\/h2>\n\n\n\n<p>Aseg\u00farese de inscribir su viaje en la embajada o consulado correspondiente de los pa\u00edses incluidos en su itinerario. Los ciudadanos estadounidenses pueden inscribirse a trav\u00e9s del Smart Traveler Enrollment Program (STEP) en&nbsp;<a href=\"http:\/\/step.state.gov\/step\" target=\"_blank\" rel=\"noreferrer noopener\">step.state.gov\/step<\/a>mientras que los ciudadanos canadienses pueden utilizar el Registro de Canadienses en el Extranjero en&nbsp;<a href=\"https:\/\/travel.gc.ca\/travelling\/registration\" target=\"_blank\" rel=\"noreferrer noopener\">Inscripci\u00f3n de canadienses en el extranjero<\/a>.<\/p>\n\n\n\n<h2 class=\"wp-block-heading\">VACUNAS Y MEDICAMENTOS<\/h2>\n\n\n\n<p>Consulte los Centros para el Control y la Prevenci\u00f3n de Enfermedades (<a href=\"http:\/\/cdc.gov\/travel\" target=\"_blank\" rel=\"noreferrer noopener\">cdc.gov\/viajes<\/a>) o la Organizaci\u00f3n Mundial de la Salud (<a href=\"http:\/\/who.int\/en\" target=\"_blank\" rel=\"noreferrer noopener\">oms.int\/es<\/a>) para obtener informaci\u00f3n actualizada sobre las vacunas y el riesgo de paludismo en su destino. Programe una visita a su m\u00e9dico o cl\u00ednica de viajes local un par de meses antes de la salida para que le administren las vacunas y le receten los medicamentos necesarios. Lleve en su equipaje de mano los originales del COVID-19 y otros certificados de vacunaci\u00f3n, junto con los documentos sanitarios necesarios, para presentarlos a su llegada.<\/p>\n\n\n\n<h2 class=\"wp-block-heading\">PREPARACI\u00d3N FINANCIERA<\/h2>\n\n\n\n<p>Recomendamos llevar algo de dinero en efectivo y al menos dos tarjetas de cr\u00e9dito importantes de distintas redes de pago para garantizar opciones de reserva. Notifique a su banco y a las compa\u00f1\u00edas de tarjetas de cr\u00e9dito sus planes de viaje, incluidos los lugares y las fechas, e inf\u00f3rmese sobre las comisiones por transacciones en el extranjero. Utilice moneda de reciente emisi\u00f3n en denominaciones m\u00e1s peque\u00f1as, y cambie moneda s\u00f3lo en puntos de venta autorizados. Conserve los recibos, ya que podr\u00edan exig\u00edrsele a la salida.<\/p>\n\n\n\n<h2 class=\"wp-block-heading\">PERMANECER CONECTADO<\/h2>\n\n\n\n<p>Confirme el servicio de itinerancia internacional con su operador antes de partir para garantizar la conectividad mientras utiliza su smartphone en el extranjero. El acceso a Internet suele estar disponible en hoteles y lugares p\u00fablicos, aunque puede ser limitado en zonas remotas. Tenga en cuenta las posibles restricciones sobre contenidos en l\u00ednea impuestas por algunos pa\u00edses.<\/p>\n\n\n\n<h2 class=\"wp-block-heading\">GESTIONAR LAS ZONAS HORARIAS Y EL TIEMPO<\/h2>\n\n\n\n<p>Utilice recursos en l\u00ednea como&nbsp;<a href=\"http:\/\/weather.com\/\" target=\"_blank\" rel=\"noreferrer noopener\">tiempo.com<\/a>&nbsp;y&nbsp;<a rel=\"noreferrer noopener\" href=\"http:\/\/timeanddate.com\/worldclock\" target=\"_blank\">timeanddate.com\/worldclock<\/a>&nbsp;para consultar las previsiones meteorol\u00f3gicas y los husos horarios de tus destinos. Normalmente, tu smartphone se ajustar\u00e1 a la hora local al llegar.<\/p>\n\n\n\n<h2 class=\"wp-block-heading\">VIAJES SALUDABLES<\/h2>\n\n\n\n<p>Lleve en el equipaje de mano los medicamentos recetados y de venta libre en sus envases originales. Incluya un botiqu\u00edn b\u00e1sico y medicamentos para el mareo y peque\u00f1os problemas estomacales. Cuando viaje, opte por el agua embotellada y evite la comida de los vendedores ambulantes. Cumpla los protocolos sanitarios locales, que pueden incluir el uso de mascarillas, e informe a su gu\u00eda si se encuentra mal durante el viaje.<\/p>\n\n\n\n<h2 class=\"wp-block-heading\">EMPAQUE LIGERO E INTELIGENTE<\/h2>\n\n\n\n<p>Muchos viajes VP implican vuelos nacionales con l\u00edmites de peso m\u00e1s estrictos que los de las compa\u00f1\u00edas internacionales. Consulte la Lista de equipaje y las Restricciones de equipaje en Informaci\u00f3n esencial. Elija ropa c\u00f3moda y vers\u00e1til, adecuada para vestirse por capas y para noches elegantes e informales. Lleve un juego de adaptadores de viaje para aparatos electr\u00f3nicos.<\/p>\n\n\n\n<h2 class=\"wp-block-heading\">COLOCAR ETIQUETAS DE EQUIPAJE VP<\/h2>\n\n\n\n<p>Utilice las etiquetas de equipaje VP suministradas para ayudar a nuestro personal a gestionar su equipaje. Incluso si sus maletas tienen etiquetas de identificaci\u00f3n, el uso de nuestras etiquetas ayuda a nuestro equipo a localizar y manejar su equipaje.<\/p>\n\n\n\n<h2 class=\"wp-block-heading\">CONFIRMAR VUELOS Y OBJETOS DE VALOR<\/h2>\n\n\n\n<p>Reconfirme los vuelos internacionales 24 horas antes de la salida. Los representantes de VP en su destino le facilitar\u00e1n los billetes de los vuelos internos, si est\u00e1n incluidos en su itinerario. Mantenga los objetos de valor seguros utilizando las cajas fuertes disponibles. Deje los objetos de valor en casa y lleve copias de los documentos importantes.<\/p>\n\n\n\n<h2 class=\"wp-block-heading\">UNA C\u00c1LIDA BIENVENIDA<\/h2>\n\n\n\n<p>Busque a su representante local de VP con un cartel amarillo brillante de VP para que le reciba en el aeropuerto (excluidos los cruceros europeos en barcaza por el Canal). Revise su itinerario para ver las instrucciones de llegada.<\/p>\n\n\n\n<h2 class=\"wp-block-heading\">COMPRAS Y PROPINAS<\/h2>\n\n\n\n<p>Cuando vaya de compras, tenga en cuenta las recomendaciones de su gu\u00eda de VP sobre tiendas locales. Tenga en cuenta que VP no se hace responsable de la calidad o el valor de la mercanc\u00eda. Compruebe los recibos de la tarjeta de cr\u00e9dito antes de firmar, y prefiera llevarse los art\u00edculos en lugar de enviarlos. Consulte a las autoridades aduaneras locales para obtener informaci\u00f3n sobre los impuestos de aduana.<\/p>\n\n\n\n<h2 class=\"wp-block-heading\">FOTOGRAF\u00cdA RESPETUOSA<\/h2>\n\n\n\n<p>Pida permiso antes de fotografiar a los lugare\u00f1os, especialmente a los ni\u00f1os. Evite fotografiar donde est\u00e9 prohibido y pida consejo a su gu\u00eda.<\/p>\n\n\n\n<h2 class=\"wp-block-heading\">DIRECTRICES SOBRE GRATIFICACIONES<\/h2>\n\n\n\n<p>Las pr\u00e1cticas en materia de propinas var\u00edan seg\u00fan el lugar y el tipo de viaje. Consulte las Directrices sobre propinas en Informaci\u00f3n esencial para obtener orientaci\u00f3n espec\u00edfica.<\/p>","protected":false},"excerpt":{"rendered":"<p>ENSURE YOUR TRAVEL DOCUMENTS ARE READY Your passport should have a validity of at least six (6) months beyond the conclusion of your journey. Ensure that you have sufficient blank visa pages for entry and exit stamps in each country you will visit. For assistance with obtaining a new U.S. passport or passport renewal, you [&hellip;]<\/p>\n","protected":false},"author":1,"featured_media":0,"parent":0,"menu_order":0,"comment_status":"closed","ping_status":"closed","template":"","meta":{"footnotes":""},"class_list":["post-13385","page","type-page","status-publish","hentry"],"_links":{"self":[{"href":"https:\/\/view-peru.com\/es\/wp-json\/wp\/v2\/pages\/13385","targetHints":{"allow":["GET"]}}],"collection":[{"href":"https:\/\/view-peru.com\/es\/wp-json\/wp\/v2\/pages"}],"about":[{"href":"https:\/\/view-peru.com\/es\/wp-json\/wp\/v2\/types\/page"}],"author":[{"embeddable":true,"href":"https:\/\/view-peru.com\/es\/wp-json\/wp\/v2\/users\/1"}],"replies":[{"embeddable":true,"href":"https:\/\/view-peru.com\/es\/wp-json\/wp\/v2\/comments?post=13385"}],"version-history":[{"count":0,"href":"https:\/\/view-peru.com\/es\/wp-json\/wp\/v2\/pages\/13385\/revisions"}],"wp:attachment":[{"href":"https:\/\/view-peru.com\/es\/wp-json\/wp\/v2\/media?parent=13385"}],"curies":[{"name":"wp","href":"https:\/\/api.w.org\/{rel}","templated":true}]}}